{"id":397,"date":"2023-12-20T16:41:02","date_gmt":"2023-12-20T16:41:02","guid":{"rendered":"https:\/\/duramixind.com.br\/?page_id=397"},"modified":"2023-12-20T16:41:33","modified_gmt":"2023-12-20T16:41:33","slug":"servico","status":"publish","type":"page","link":"https:\/\/duramixind.com.br\/index.php\/servico\/","title":{"rendered":"Servi\u00e7o"},"content":{"rendered":"\t\t<div data-elementor-type=\"wp-page\" data-elementor-id=\"397\" class=\"elementor elementor-397\">\n\t\t\t\t\t\t\t\t\t<section class=\"elementor-section elementor-top-section elementor-element elementor-element-3926164 elementor-section-content-middle elementor-section-boxed elementor-section-height-default elementor-section-height-default wpr-particle-no wpr-jarallax-no wpr-parallax-no wpr-sticky-section-no\" data-id=\"3926164\" data-element_type=\"section\" data-settings=\"{&quot;background_background&quot;:&quot;classic&quot;}\">\n\t\t\t\t\t\t<div class=\"elementor-container elementor-column-gap-default\">\n\t\t\t\t\t<div class=\"elementor-column elementor-col-50 elementor-top-column elementor-element elementor-element-b039ba7\" data-id=\"b039ba7\" data-element_type=\"column\">\n\t\t\t<div class=\"elementor-widget-wrap elementor-element-populated\">\n\t\t\t\t\t\t\t\t<div class=\"elementor-element elementor-element-a9dc904 elementor-widget elementor-widget-heading\" data-id=\"a9dc904\" data-element_type=\"widget\" data-widget_type=\"heading.default\">\n\t\t\t\t<div class=\"elementor-widget-container\">\n\t\t\t<style>\/*! elementor - v3.17.0 - 08-11-2023 *\/\n.elementor-heading-title{padding:0;margin:0;line-height:1}.elementor-widget-heading .elementor-heading-title[class*=elementor-size-]>a{color:inherit;font-size:inherit;line-height:inherit}.elementor-widget-heading .elementor-heading-title.elementor-size-small{font-size:15px}.elementor-widget-heading .elementor-heading-title.elementor-size-medium{font-size:19px}.elementor-widget-heading .elementor-heading-title.elementor-size-large{font-size:29px}.elementor-widget-heading .elementor-heading-title.elementor-size-xl{font-size:39px}.elementor-widget-heading .elementor-heading-title.elementor-size-xxl{font-size:59px}<\/style><h1 class=\"elementor-heading-title elementor-size-default\">Servi\u00e7os<\/h1>\t\t<\/div>\n\t\t\t\t<\/div>\n\t\t\t\t<div class=\"elementor-element elementor-element-ad9e296 elementor-widget elementor-widget-text-editor\" data-id=\"ad9e296\" data-element_type=\"widget\" data-widget_type=\"text-editor.default\">\n\t\t\t\t<div class=\"elementor-widget-container\">\n\t\t\t<style>\/*! elementor - v3.17.0 - 08-11-2023 *\/\n.elementor-widget-text-editor.elementor-drop-cap-view-stacked .elementor-drop-cap{background-color:#69727d;color:#fff}.elementor-widget-text-editor.elementor-drop-cap-view-framed .elementor-drop-cap{color:#69727d;border:3px solid;background-color:transparent}.elementor-widget-text-editor:not(.elementor-drop-cap-view-default) .elementor-drop-cap{margin-top:8px}.elementor-widget-text-editor:not(.elementor-drop-cap-view-default) .elementor-drop-cap-letter{width:1em;height:1em}.elementor-widget-text-editor .elementor-drop-cap{float:left;text-align:center;line-height:1;font-size:50px}.elementor-widget-text-editor .elementor-drop-cap-letter{display:inline-block}<\/style>\t\t\t\t<p>A Duramix \u00e9 especializada na manuten\u00e7\u00e3o de Guindastes Multimarcas,al\u00e9m de contar com equipamentos especializados para atender a linha Amarela.<br \/>Tamb\u00e9m contamos com equipe especializada para atender a manuten\u00e7\u00e3o em usinas e na sua empresa.<br \/>Pe\u00e7a seu or\u00e7amento com nossa equipe.<\/p>\t\t\t\t\t\t<\/div>\n\t\t\t\t<\/div>\n\t\t\t\t<div class=\"elementor-element elementor-element-c0e4018 elementor-align-left elementor-mobile-align-center elementor-widget elementor-widget-button\" data-id=\"c0e4018\" data-element_type=\"widget\" data-widget_type=\"button.default\">\n\t\t\t\t<div class=\"elementor-widget-container\">\n\t\t\t\t\t<div class=\"elementor-button-wrapper\">\n\t\t\t<a class=\"elementor-button elementor-button-link elementor-size-lg elementor-animation-shrink\" href=\"https:\/\/api.whatsapp.com\/send?phone=5566992004728&#038;text=Ol%C3%A1%20Duramix,%20tudo%20bem?%20Gostaria%20de%20mais%20informa%C3%A7%C3%B5es.%20Obrigado(a)!\">\n\t\t\t\t\t\t<span class=\"elementor-button-content-wrapper\">\n\t\t\t\t\t\t<span class=\"elementor-button-text\">Fale conosco<\/span>\n\t\t<\/span>\n\t\t\t\t\t<\/a>\n\t\t<\/div>\n\t\t\t\t<\/div>\n\t\t\t\t<\/div>\n\t\t\t\t\t<\/div>\n\t\t<\/div>\n\t\t\t\t<div class=\"elementor-column elementor-col-50 elementor-top-column elementor-element elementor-element-459fb05\" data-id=\"459fb05\" data-element_type=\"column\" data-settings=\"{&quot;background_background&quot;:&quot;classic&quot;}\">\n\t\t\t<div class=\"elementor-widget-wrap elementor-element-populated\">\n\t\t\t\t\t\t\t\t<div class=\"elementor-element elementor-element-f2c44ce elementor-widget elementor-widget-image\" data-id=\"f2c44ce\" data-element_type=\"widget\" data-widget_type=\"image.default\">\n\t\t\t\t<div class=\"elementor-widget-container\">\n\t\t\t<style>\/*! elementor - v3.17.0 - 08-11-2023 *\/\n.elementor-widget-image{text-align:center}.elementor-widget-image a{display:inline-block}.elementor-widget-image a img[src$=\".svg\"]{width:48px}.elementor-widget-image img{vertical-align:middle;display:inline-block}<\/style>\t\t\t\t\t\t\t\t\t\t\t\t<img fetchpriority=\"high\" decoding=\"async\" width=\"800\" height=\"800\" src=\"https:\/\/duramixind.com.br\/wp-content\/uploads\/2023\/12\/WhatsApp-Image-2023-12-06-at-08.41.34-1024x1024.jpeg\" class=\"attachment-large size-large wp-image-399\" alt=\"\" srcset=\"https:\/\/duramixind.com.br\/wp-content\/uploads\/2023\/12\/WhatsApp-Image-2023-12-06-at-08.41.34-1024x1024.jpeg 1024w, https:\/\/duramixind.com.br\/wp-content\/uploads\/2023\/12\/WhatsApp-Image-2023-12-06-at-08.41.34-300x300.jpeg 300w, https:\/\/duramixind.com.br\/wp-content\/uploads\/2023\/12\/WhatsApp-Image-2023-12-06-at-08.41.34-150x150.jpeg 150w, https:\/\/duramixind.com.br\/wp-content\/uploads\/2023\/12\/WhatsApp-Image-2023-12-06-at-08.41.34-768x768.jpeg 768w, https:\/\/duramixind.com.br\/wp-content\/uploads\/2023\/12\/WhatsApp-Image-2023-12-06-at-08.41.34.jpeg 1440w\" sizes=\"(max-width: 800px) 100vw, 800px\" \/>\t\t\t\t\t\t\t\t\t\t\t\t\t\t\t<\/div>\n\t\t\t\t<\/div>\n\t\t\t\t\t<\/div>\n\t\t<\/div>\n\t\t\t\t\t\t\t<\/div>\n\t\t<\/section>\n\t\t\t\t\t\t\t<\/div>\n\t\t","protected":false},"excerpt":{"rendered":"<p>Servi\u00e7os A Duramix \u00e9 especializada na manuten\u00e7\u00e3o de Guindastes Multimarcas,al\u00e9m de contar com equipamentos especializados para atender a linha Amarela.Tamb\u00e9m contamos com equipe especializada para atender a manuten\u00e7\u00e3o em usinas e na sua empresa.Pe\u00e7a seu or\u00e7amento com nossa equipe. Fale conosco<\/p>\n","protected":false},"author":5,"featured_media":0,"parent":0,"menu_order":0,"comment_status":"closed","ping_status":"closed","template":"elementor_header_footer","meta":{"footnotes":""},"yoast_head":"<!-- This site is optimized with the Yoast SEO plugin v21.5 - https:\/\/yoast.com\/wordpress\/plugins\/seo\/ -->\n<title>Servi\u00e7o - Duramix Guindastes e Implementos Rodovi\u00e1rios<\/title>\n<meta name=\"robots\" content=\"index, follow, max-snippet:-1, max-image-preview:large, max-video-preview:-1\" \/>\n<link rel=\"canonical\" href=\"https:\/\/duramixind.com.br\/index.php\/servico\/\" \/>\n<meta property=\"og:locale\" content=\"pt_BR\" \/>\n<meta property=\"og:type\" content=\"article\" \/>\n<meta property=\"og:title\" content=\"Servi\u00e7o - Duramix Guindastes e Implementos Rodovi\u00e1rios\" \/>\n<meta property=\"og:description\" content=\"Servi\u00e7os A Duramix \u00e9 especializada na manuten\u00e7\u00e3o de Guindastes Multimarcas,al\u00e9m de contar com equipamentos especializados para atender a linha Amarela.Tamb\u00e9m contamos com equipe especializada para atender a manuten\u00e7\u00e3o em usinas e na sua empresa.Pe\u00e7a seu or\u00e7amento com nossa equipe. Fale conosco\" \/>\n<meta property=\"og:url\" content=\"https:\/\/duramixind.com.br\/index.php\/servico\/\" \/>\n<meta property=\"og:site_name\" content=\"Duramix Guindastes e Implementos Rodovi\u00e1rios\" \/>\n<meta property=\"article:modified_time\" content=\"2023-12-20T16:41:33+00:00\" \/>\n<meta property=\"og:image\" content=\"https:\/\/duramixind.com.br\/wp-content\/uploads\/2023\/12\/WhatsApp-Image-2023-12-06-at-08.41.34-1024x1024.jpeg\" \/>\n<meta name=\"twitter:card\" content=\"summary_large_image\" \/>\n<meta name=\"twitter:label1\" content=\"Est. tempo de leitura\" \/>\n\t<meta name=\"twitter:data1\" content=\"1 minuto\" \/>\n<script type=\"application\/ld+json\" class=\"yoast-schema-graph\">{\"@context\":\"https:\/\/schema.org\",\"@graph\":[{\"@type\":\"WebPage\",\"@id\":\"https:\/\/duramixind.com.br\/index.php\/servico\/\",\"url\":\"https:\/\/duramixind.com.br\/index.php\/servico\/\",\"name\":\"Servi\u00e7o - Duramix Guindastes e Implementos Rodovi\u00e1rios\",\"isPartOf\":{\"@id\":\"https:\/\/duramixind.com.br\/#website\"},\"datePublished\":\"2023-12-20T16:41:02+00:00\",\"dateModified\":\"2023-12-20T16:41:33+00:00\",\"breadcrumb\":{\"@id\":\"https:\/\/duramixind.com.br\/index.php\/servico\/#breadcrumb\"},\"inLanguage\":\"pt-BR\",\"potentialAction\":[{\"@type\":\"ReadAction\",\"target\":[\"https:\/\/duramixind.com.br\/index.php\/servico\/\"]}]},{\"@type\":\"BreadcrumbList\",\"@id\":\"https:\/\/duramixind.com.br\/index.php\/servico\/#breadcrumb\",\"itemListElement\":[{\"@type\":\"ListItem\",\"position\":1,\"name\":\"In\u00edcio\",\"item\":\"https:\/\/duramixind.com.br\/\"},{\"@type\":\"ListItem\",\"position\":2,\"name\":\"Servi\u00e7o\"}]},{\"@type\":\"WebSite\",\"@id\":\"https:\/\/duramixind.com.br\/#website\",\"url\":\"https:\/\/duramixind.com.br\/\",\"name\":\"Duramix Guindastes e Implementos Rodovi\u00e1rios\",\"description\":\"\",\"potentialAction\":[{\"@type\":\"SearchAction\",\"target\":{\"@type\":\"EntryPoint\",\"urlTemplate\":\"https:\/\/duramixind.com.br\/?s={search_term_string}\"},\"query-input\":\"required name=search_term_string\"}],\"inLanguage\":\"pt-BR\"}]}<\/script>\n<!-- \/ Yoast SEO plugin. -->","yoast_head_json":{"title":"Servi\u00e7o - Duramix Guindastes e Implementos Rodovi\u00e1rios","robots":{"index":"index","follow":"follow","max-snippet":"max-snippet:-1","max-image-preview":"max-image-preview:large","max-video-preview":"max-video-preview:-1"},"canonical":"https:\/\/duramixind.com.br\/index.php\/servico\/","og_locale":"pt_BR","og_type":"article","og_title":"Servi\u00e7o - Duramix Guindastes e Implementos Rodovi\u00e1rios","og_description":"Servi\u00e7os A Duramix \u00e9 especializada na manuten\u00e7\u00e3o de Guindastes Multimarcas,al\u00e9m de contar com equipamentos especializados para atender a linha Amarela.Tamb\u00e9m contamos com equipe especializada para atender a manuten\u00e7\u00e3o em usinas e na sua empresa.Pe\u00e7a seu or\u00e7amento com nossa equipe. Fale conosco","og_url":"https:\/\/duramixind.com.br\/index.php\/servico\/","og_site_name":"Duramix Guindastes e Implementos Rodovi\u00e1rios","article_modified_time":"2023-12-20T16:41:33+00:00","og_image":[{"url":"https:\/\/duramixind.com.br\/wp-content\/uploads\/2023\/12\/WhatsApp-Image-2023-12-06-at-08.41.34-1024x1024.jpeg"}],"twitter_card":"summary_large_image","twitter_misc":{"Est. tempo de leitura":"1 minuto"},"schema":{"@context":"https:\/\/schema.org","@graph":[{"@type":"WebPage","@id":"https:\/\/duramixind.com.br\/index.php\/servico\/","url":"https:\/\/duramixind.com.br\/index.php\/servico\/","name":"Servi\u00e7o - Duramix Guindastes e Implementos Rodovi\u00e1rios","isPartOf":{"@id":"https:\/\/duramixind.com.br\/#website"},"datePublished":"2023-12-20T16:41:02+00:00","dateModified":"2023-12-20T16:41:33+00:00","breadcrumb":{"@id":"https:\/\/duramixind.com.br\/index.php\/servico\/#breadcrumb"},"inLanguage":"pt-BR","potentialAction":[{"@type":"ReadAction","target":["https:\/\/duramixind.com.br\/index.php\/servico\/"]}]},{"@type":"BreadcrumbList","@id":"https:\/\/duramixind.com.br\/index.php\/servico\/#breadcrumb","itemListElement":[{"@type":"ListItem","position":1,"name":"In\u00edcio","item":"https:\/\/duramixind.com.br\/"},{"@type":"ListItem","position":2,"name":"Servi\u00e7o"}]},{"@type":"WebSite","@id":"https:\/\/duramixind.com.br\/#website","url":"https:\/\/duramixind.com.br\/","name":"Duramix Guindastes e Implementos Rodovi\u00e1rios","description":"","potentialAction":[{"@type":"SearchAction","target":{"@type":"EntryPoint","urlTemplate":"https:\/\/duramixind.com.br\/?s={search_term_string}"},"query-input":"required name=search_term_string"}],"inLanguage":"pt-BR"}]}},"_links":{"self":[{"href":"https:\/\/duramixind.com.br\/index.php\/wp-json\/wp\/v2\/pages\/397"}],"collection":[{"href":"https:\/\/duramixind.com.br\/index.php\/wp-json\/wp\/v2\/pages"}],"about":[{"href":"https:\/\/duramixind.com.br\/index.php\/wp-json\/wp\/v2\/types\/page"}],"author":[{"embeddable":true,"href":"https:\/\/duramixind.com.br\/index.php\/wp-json\/wp\/v2\/users\/5"}],"replies":[{"embeddable":true,"href":"https:\/\/duramixind.com.br\/index.php\/wp-json\/wp\/v2\/comments?post=397"}],"version-history":[{"count":4,"href":"https:\/\/duramixind.com.br\/index.php\/wp-json\/wp\/v2\/pages\/397\/revisions"}],"predecessor-version":[{"id":402,"href":"https:\/\/duramixind.com.br\/index.php\/wp-json\/wp\/v2\/pages\/397\/revisions\/402"}],"wp:attachment":[{"href":"https:\/\/duramixind.com.br\/index.php\/wp-json\/wp\/v2\/media?parent=397"}],"curies":[{"name":"wp","href":"https:\/\/api.w.org\/{rel}","templated":true}]}}