{"id":483,"date":"2025-02-10T11:59:21","date_gmt":"2025-02-10T11:59:21","guid":{"rendered":"https:\/\/duramixind.com.br\/?page_id=483"},"modified":"2025-02-10T12:00:31","modified_gmt":"2025-02-10T12:00:31","slug":"linha-tracadora","status":"publish","type":"page","link":"https:\/\/duramixind.com.br\/index.php\/linha-tracadora\/","title":{"rendered":"Linha Tra\u00e7adora"},"content":{"rendered":"\t\t<div data-elementor-type=\"wp-page\" data-elementor-id=\"483\" class=\"elementor elementor-483\">\n\t\t\t\t\t\t\t\t\t<section class=\"elementor-section elementor-top-section elementor-element elementor-element-33372ff elementor-section-content-middle elementor-section-boxed elementor-section-height-default elementor-section-height-default wpr-particle-no wpr-jarallax-no wpr-parallax-no wpr-sticky-section-no\" data-id=\"33372ff\" data-element_type=\"section\" data-settings=\"{&quot;background_background&quot;:&quot;classic&quot;}\">\n\t\t\t\t\t\t<div class=\"elementor-container elementor-column-gap-default\">\n\t\t\t\t\t<div class=\"elementor-column elementor-col-50 elementor-top-column elementor-element elementor-element-36ad4d7\" data-id=\"36ad4d7\" data-element_type=\"column\">\n\t\t\t<div class=\"elementor-widget-wrap elementor-element-populated\">\n\t\t\t\t\t\t\t\t<div class=\"elementor-element elementor-element-1205bc2 elementor-widget elementor-widget-heading\" data-id=\"1205bc2\" data-element_type=\"widget\" data-widget_type=\"heading.default\">\n\t\t\t\t<div class=\"elementor-widget-container\">\n\t\t\t<style>\/*! elementor - v3.17.0 - 08-11-2023 *\/\n.elementor-heading-title{padding:0;margin:0;line-height:1}.elementor-widget-heading .elementor-heading-title[class*=elementor-size-]>a{color:inherit;font-size:inherit;line-height:inherit}.elementor-widget-heading .elementor-heading-title.elementor-size-small{font-size:15px}.elementor-widget-heading .elementor-heading-title.elementor-size-medium{font-size:19px}.elementor-widget-heading .elementor-heading-title.elementor-size-large{font-size:29px}.elementor-widget-heading .elementor-heading-title.elementor-size-xl{font-size:39px}.elementor-widget-heading .elementor-heading-title.elementor-size-xxl{font-size:59px}<\/style><h1 class=\"elementor-heading-title elementor-size-default\">GARRA tRA\u00c7ADORA:<\/h1>\t\t<\/div>\n\t\t\t\t<\/div>\n\t\t\t\t<div class=\"elementor-element elementor-element-14ef206 elementor-widget elementor-widget-text-editor\" data-id=\"14ef206\" data-element_type=\"widget\" data-widget_type=\"text-editor.default\">\n\t\t\t\t<div class=\"elementor-widget-container\">\n\t\t\t<style>\/*! elementor - v3.17.0 - 08-11-2023 *\/\n.elementor-widget-text-editor.elementor-drop-cap-view-stacked .elementor-drop-cap{background-color:#69727d;color:#fff}.elementor-widget-text-editor.elementor-drop-cap-view-framed .elementor-drop-cap{color:#69727d;border:3px solid;background-color:transparent}.elementor-widget-text-editor:not(.elementor-drop-cap-view-default) .elementor-drop-cap{margin-top:8px}.elementor-widget-text-editor:not(.elementor-drop-cap-view-default) .elementor-drop-cap-letter{width:1em;height:1em}.elementor-widget-text-editor .elementor-drop-cap{float:left;text-align:center;line-height:1;font-size:50px}.elementor-widget-text-editor .elementor-drop-cap-letter{display:inline-block}<\/style>\t\t\t\t<p data-pm-slice=\"1 1 [&quot;bulletList&quot;,null,&quot;listItem&quot;,null]\">A LINHA DE GARRAS TRA\u00c7ADORAS DURAMIX\u00ae \u00c9 A EVOLU\u00c7\u00c3O EM EQUIPAMENTOS DE CORTE PARA OPERA\u00c7\u00d5ES SEVERAS. TAMB\u00c9M FABRICADOS EM A\u00c7O ESPECIAL DE 700Mpa, BUCHAS DE POL\u00cdMERO DE ALTA DENSIDADE E ALTO LUBRICANTES,PINOS DAS ARTICULA\u00c7\u00d5ES COM TRATAMENTO T\u00c9RMICO, QUE GARANTEM A DURABILIDADE SUPERIOR E MENOS DESGASTE DE SABRE E CORRENTE.<br \/>2 ANOS DE GARANTIA E FINANCIAMENTO VIA FINAME\/BNDES<\/p>\t\t\t\t\t\t<\/div>\n\t\t\t\t<\/div>\n\t\t\t\t<div class=\"elementor-element elementor-element-e49dabc elementor-align-left elementor-mobile-align-center elementor-widget elementor-widget-button\" data-id=\"e49dabc\" data-element_type=\"widget\" data-widget_type=\"button.default\">\n\t\t\t\t<div class=\"elementor-widget-container\">\n\t\t\t\t\t<div class=\"elementor-button-wrapper\">\n\t\t\t<a class=\"elementor-button elementor-button-link elementor-size-lg elementor-animation-shrink\" href=\"https:\/\/api.whatsapp.com\/send?phone=5566992004728&#038;text=Ol%C3%A1%20Duramix,%20tudo%20bem?%20Gostaria%20de%20mais%20informa%C3%A7%C3%B5es.%20Obrigado(a)!\">\n\t\t\t\t\t\t<span class=\"elementor-button-content-wrapper\">\n\t\t\t\t\t\t<span class=\"elementor-button-text\">Fale conosco<\/span>\n\t\t<\/span>\n\t\t\t\t\t<\/a>\n\t\t<\/div>\n\t\t\t\t<\/div>\n\t\t\t\t<\/div>\n\t\t\t\t\t<\/div>\n\t\t<\/div>\n\t\t\t\t<div class=\"elementor-column elementor-col-50 elementor-top-column elementor-element elementor-element-d493d84\" data-id=\"d493d84\" data-element_type=\"column\" data-settings=\"{&quot;background_background&quot;:&quot;classic&quot;}\">\n\t\t\t<div class=\"elementor-widget-wrap elementor-element-populated\">\n\t\t\t\t\t\t\t\t<div class=\"elementor-element elementor-element-07c5a06 elementor-widget elementor-widget-image\" data-id=\"07c5a06\" data-element_type=\"widget\" data-widget_type=\"image.default\">\n\t\t\t\t<div class=\"elementor-widget-container\">\n\t\t\t<style>\/*! elementor - v3.17.0 - 08-11-2023 *\/\n.elementor-widget-image{text-align:center}.elementor-widget-image a{display:inline-block}.elementor-widget-image a img[src$=\".svg\"]{width:48px}.elementor-widget-image img{vertical-align:middle;display:inline-block}<\/style>\t\t\t\t\t\t\t\t\t\t\t\t<img fetchpriority=\"high\" decoding=\"async\" width=\"726\" height=\"1024\" src=\"https:\/\/duramixind.com.br\/wp-content\/uploads\/2025\/02\/image-726x1024.png\" class=\"attachment-large size-large wp-image-473\" alt=\"\" srcset=\"https:\/\/duramixind.com.br\/wp-content\/uploads\/2025\/02\/image-726x1024.png 726w, https:\/\/duramixind.com.br\/wp-content\/uploads\/2025\/02\/image-213x300.png 213w, https:\/\/duramixind.com.br\/wp-content\/uploads\/2025\/02\/image-768x1083.png 768w, https:\/\/duramixind.com.br\/wp-content\/uploads\/2025\/02\/image.png 908w\" sizes=\"(max-width: 726px) 100vw, 726px\" \/>\t\t\t\t\t\t\t\t\t\t\t\t\t\t\t<\/div>\n\t\t\t\t<\/div>\n\t\t\t\t\t<\/div>\n\t\t<\/div>\n\t\t\t\t\t\t\t<\/div>\n\t\t<\/section>\n\t\t\t\t\t\t\t<\/div>\n\t\t","protected":false},"excerpt":{"rendered":"<p>GARRA tRA\u00c7ADORA: A LINHA DE GARRAS TRA\u00c7ADORAS DURAMIX\u00ae \u00c9 A EVOLU\u00c7\u00c3O EM EQUIPAMENTOS DE CORTE PARA OPERA\u00c7\u00d5ES SEVERAS. TAMB\u00c9M FABRICADOS EM A\u00c7O ESPECIAL DE 700Mpa, BUCHAS DE POL\u00cdMERO DE ALTA DENSIDADE E ALTO LUBRICANTES,PINOS DAS ARTICULA\u00c7\u00d5ES COM TRATAMENTO T\u00c9RMICO, QUE GARANTEM A DURABILIDADE SUPERIOR E MENOS DESGASTE DE SABRE E CORRENTE.2 ANOS DE GARANTIA E [&hellip;]<\/p>\n","protected":false},"author":6,"featured_media":0,"parent":0,"menu_order":0,"comment_status":"closed","ping_status":"closed","template":"","meta":{"footnotes":""},"yoast_head":"<!-- This site is optimized with the Yoast SEO plugin v21.5 - https:\/\/yoast.com\/wordpress\/plugins\/seo\/ -->\n<title>Linha Tra\u00e7adora - Duramix Guindastes e Implementos Rodovi\u00e1rios<\/title>\n<meta name=\"robots\" content=\"index, follow, max-snippet:-1, max-image-preview:large, max-video-preview:-1\" \/>\n<link rel=\"canonical\" href=\"https:\/\/duramixind.com.br\/index.php\/linha-tracadora\/\" \/>\n<meta property=\"og:locale\" content=\"pt_BR\" \/>\n<meta property=\"og:type\" content=\"article\" \/>\n<meta property=\"og:title\" content=\"Linha Tra\u00e7adora - Duramix Guindastes e Implementos Rodovi\u00e1rios\" \/>\n<meta property=\"og:description\" content=\"GARRA tRA\u00c7ADORA: A LINHA DE GARRAS TRA\u00c7ADORAS DURAMIX\u00ae \u00c9 A EVOLU\u00c7\u00c3O EM EQUIPAMENTOS DE CORTE PARA OPERA\u00c7\u00d5ES SEVERAS. TAMB\u00c9M FABRICADOS EM A\u00c7O ESPECIAL DE 700Mpa, BUCHAS DE POL\u00cdMERO DE ALTA DENSIDADE E ALTO LUBRICANTES,PINOS DAS ARTICULA\u00c7\u00d5ES COM TRATAMENTO T\u00c9RMICO, QUE GARANTEM A DURABILIDADE SUPERIOR E MENOS DESGASTE DE SABRE E CORRENTE.2 ANOS DE GARANTIA E [&hellip;]\" \/>\n<meta property=\"og:url\" content=\"https:\/\/duramixind.com.br\/index.php\/linha-tracadora\/\" \/>\n<meta property=\"og:site_name\" content=\"Duramix Guindastes e Implementos Rodovi\u00e1rios\" \/>\n<meta property=\"article:modified_time\" content=\"2025-02-10T12:00:31+00:00\" \/>\n<meta property=\"og:image\" content=\"https:\/\/duramixind.com.br\/wp-content\/uploads\/2025\/02\/image-726x1024.png\" \/>\n<meta name=\"twitter:card\" content=\"summary_large_image\" \/>\n<meta name=\"twitter:label1\" content=\"Est. tempo de leitura\" \/>\n\t<meta name=\"twitter:data1\" content=\"1 minuto\" \/>\n<script type=\"application\/ld+json\" class=\"yoast-schema-graph\">{\"@context\":\"https:\/\/schema.org\",\"@graph\":[{\"@type\":\"WebPage\",\"@id\":\"https:\/\/duramixind.com.br\/index.php\/linha-tracadora\/\",\"url\":\"https:\/\/duramixind.com.br\/index.php\/linha-tracadora\/\",\"name\":\"Linha Tra\u00e7adora - Duramix Guindastes e Implementos Rodovi\u00e1rios\",\"isPartOf\":{\"@id\":\"https:\/\/duramixind.com.br\/#website\"},\"datePublished\":\"2025-02-10T11:59:21+00:00\",\"dateModified\":\"2025-02-10T12:00:31+00:00\",\"breadcrumb\":{\"@id\":\"https:\/\/duramixind.com.br\/index.php\/linha-tracadora\/#breadcrumb\"},\"inLanguage\":\"pt-BR\",\"potentialAction\":[{\"@type\":\"ReadAction\",\"target\":[\"https:\/\/duramixind.com.br\/index.php\/linha-tracadora\/\"]}]},{\"@type\":\"BreadcrumbList\",\"@id\":\"https:\/\/duramixind.com.br\/index.php\/linha-tracadora\/#breadcrumb\",\"itemListElement\":[{\"@type\":\"ListItem\",\"position\":1,\"name\":\"In\u00edcio\",\"item\":\"https:\/\/duramixind.com.br\/\"},{\"@type\":\"ListItem\",\"position\":2,\"name\":\"Linha Tra\u00e7adora\"}]},{\"@type\":\"WebSite\",\"@id\":\"https:\/\/duramixind.com.br\/#website\",\"url\":\"https:\/\/duramixind.com.br\/\",\"name\":\"Duramix Guindastes e Implementos Rodovi\u00e1rios\",\"description\":\"\",\"potentialAction\":[{\"@type\":\"SearchAction\",\"target\":{\"@type\":\"EntryPoint\",\"urlTemplate\":\"https:\/\/duramixind.com.br\/?s={search_term_string}\"},\"query-input\":\"required name=search_term_string\"}],\"inLanguage\":\"pt-BR\"}]}<\/script>\n<!-- \/ Yoast SEO plugin. -->","yoast_head_json":{"title":"Linha Tra\u00e7adora - Duramix Guindastes e Implementos Rodovi\u00e1rios","robots":{"index":"index","follow":"follow","max-snippet":"max-snippet:-1","max-image-preview":"max-image-preview:large","max-video-preview":"max-video-preview:-1"},"canonical":"https:\/\/duramixind.com.br\/index.php\/linha-tracadora\/","og_locale":"pt_BR","og_type":"article","og_title":"Linha Tra\u00e7adora - Duramix Guindastes e Implementos Rodovi\u00e1rios","og_description":"GARRA tRA\u00c7ADORA: A LINHA DE GARRAS TRA\u00c7ADORAS DURAMIX\u00ae \u00c9 A EVOLU\u00c7\u00c3O EM EQUIPAMENTOS DE CORTE PARA OPERA\u00c7\u00d5ES SEVERAS. TAMB\u00c9M FABRICADOS EM A\u00c7O ESPECIAL DE 700Mpa, BUCHAS DE POL\u00cdMERO DE ALTA DENSIDADE E ALTO LUBRICANTES,PINOS DAS ARTICULA\u00c7\u00d5ES COM TRATAMENTO T\u00c9RMICO, QUE GARANTEM A DURABILIDADE SUPERIOR E MENOS DESGASTE DE SABRE E CORRENTE.2 ANOS DE GARANTIA E [&hellip;]","og_url":"https:\/\/duramixind.com.br\/index.php\/linha-tracadora\/","og_site_name":"Duramix Guindastes e Implementos Rodovi\u00e1rios","article_modified_time":"2025-02-10T12:00:31+00:00","og_image":[{"url":"https:\/\/duramixind.com.br\/wp-content\/uploads\/2025\/02\/image-726x1024.png"}],"twitter_card":"summary_large_image","twitter_misc":{"Est. tempo de leitura":"1 minuto"},"schema":{"@context":"https:\/\/schema.org","@graph":[{"@type":"WebPage","@id":"https:\/\/duramixind.com.br\/index.php\/linha-tracadora\/","url":"https:\/\/duramixind.com.br\/index.php\/linha-tracadora\/","name":"Linha Tra\u00e7adora - Duramix Guindastes e Implementos Rodovi\u00e1rios","isPartOf":{"@id":"https:\/\/duramixind.com.br\/#website"},"datePublished":"2025-02-10T11:59:21+00:00","dateModified":"2025-02-10T12:00:31+00:00","breadcrumb":{"@id":"https:\/\/duramixind.com.br\/index.php\/linha-tracadora\/#breadcrumb"},"inLanguage":"pt-BR","potentialAction":[{"@type":"ReadAction","target":["https:\/\/duramixind.com.br\/index.php\/linha-tracadora\/"]}]},{"@type":"BreadcrumbList","@id":"https:\/\/duramixind.com.br\/index.php\/linha-tracadora\/#breadcrumb","itemListElement":[{"@type":"ListItem","position":1,"name":"In\u00edcio","item":"https:\/\/duramixind.com.br\/"},{"@type":"ListItem","position":2,"name":"Linha Tra\u00e7adora"}]},{"@type":"WebSite","@id":"https:\/\/duramixind.com.br\/#website","url":"https:\/\/duramixind.com.br\/","name":"Duramix Guindastes e Implementos Rodovi\u00e1rios","description":"","potentialAction":[{"@type":"SearchAction","target":{"@type":"EntryPoint","urlTemplate":"https:\/\/duramixind.com.br\/?s={search_term_string}"},"query-input":"required name=search_term_string"}],"inLanguage":"pt-BR"}]}},"_links":{"self":[{"href":"https:\/\/duramixind.com.br\/index.php\/wp-json\/wp\/v2\/pages\/483"}],"collection":[{"href":"https:\/\/duramixind.com.br\/index.php\/wp-json\/wp\/v2\/pages"}],"about":[{"href":"https:\/\/duramixind.com.br\/index.php\/wp-json\/wp\/v2\/types\/page"}],"author":[{"embeddable":true,"href":"https:\/\/duramixind.com.br\/index.php\/wp-json\/wp\/v2\/users\/6"}],"replies":[{"embeddable":true,"href":"https:\/\/duramixind.com.br\/index.php\/wp-json\/wp\/v2\/comments?post=483"}],"version-history":[{"count":3,"href":"https:\/\/duramixind.com.br\/index.php\/wp-json\/wp\/v2\/pages\/483\/revisions"}],"predecessor-version":[{"id":486,"href":"https:\/\/duramixind.com.br\/index.php\/wp-json\/wp\/v2\/pages\/483\/revisions\/486"}],"wp:attachment":[{"href":"https:\/\/duramixind.com.br\/index.php\/wp-json\/wp\/v2\/media?parent=483"}],"curies":[{"name":"wp","href":"https:\/\/api.w.org\/{rel}","templated":true}]}}